{"id":106,"date":"2011-01-18T09:23:11","date_gmt":"2011-01-18T08:23:11","guid":{"rendered":"http:\/\/weblog.igler.at\/?page_id=2"},"modified":"2011-01-18T09:23:11","modified_gmt":"2011-01-18T08:23:11","slug":"about","status":"publish","type":"page","link":"https:\/\/weblog.igler.at\/?page_id=106","title":{"rendered":"About"},"content":{"rendered":"<p><a href=\"http:\/\/weblog.igler.at\/wp-content\/uploads\/2016\/12\/Andre_Igler_BWsmall.jpg\"><img decoding=\"async\" class=\"alignright  wp-image-347\" alt=\"Andre_Igler_BWsmall\" src=\"http:\/\/weblog.igler.at\/wp-content\/uploads\/2016\/12\/Andre_Igler_BWsmall.jpg\" \/><\/a>Andr\u00e9 Igler ist 1952 in Wien geboren und zwischen England, der Schweiz, Frankreich und \u00d6sterreich aufgewachsen. Vierzig Jahre Journalist, dazwischen Studium in Wien und Paris sowie langj\u00e4hrige Auslandsaufenthalte. Lebt heute als freier Schriftsteller mit seiner Frau, einer Malerin, abwechselnd auf einer kleinen Insel vor Split in Dalmatien und im s\u00fcdlichen Jauntal in K\u00e4rnten\/Koro\u0161ka.<\/p>\n","protected":false},"excerpt":{"rendered":"<p>Andr\u00e9 Igler ist 1952 in Wien geboren und zwischen England, der Schweiz, Frankreich und \u00d6sterreich aufgewachsen. Vierzig Jahre Journalist, dazwischen Studium in Wien und Paris sowie langj\u00e4hrige Auslandsaufenthalte. Lebt heute als freier Schriftsteller mit seiner Frau, einer Malerin, abwechselnd auf einer kleinen Insel vor Split in Dalmatien und im s\u00fcdlichen Jauntal in K\u00e4rnten\/Koro\u0161ka.<\/p>\n","protected":false},"author":2,"featured_media":0,"parent":0,"menu_order":0,"comment_status":"closed","ping_status":"closed","template":"","meta":{"footnotes":""},"class_list":["post-106","page","type-page","status-publish","hentry"],"_links":{"self":[{"href":"https:\/\/weblog.igler.at\/index.php?rest_route=\/wp\/v2\/pages\/106","targetHints":{"allow":["GET"]}}],"collection":[{"href":"https:\/\/weblog.igler.at\/index.php?rest_route=\/wp\/v2\/pages"}],"about":[{"href":"https:\/\/weblog.igler.at\/index.php?rest_route=\/wp\/v2\/types\/page"}],"author":[{"embeddable":true,"href":"https:\/\/weblog.igler.at\/index.php?rest_route=\/wp\/v2\/users\/2"}],"replies":[{"embeddable":true,"href":"https:\/\/weblog.igler.at\/index.php?rest_route=%2Fwp%2Fv2%2Fcomments&post=106"}],"version-history":[{"count":0,"href":"https:\/\/weblog.igler.at\/index.php?rest_route=\/wp\/v2\/pages\/106\/revisions"}],"wp:attachment":[{"href":"https:\/\/weblog.igler.at\/index.php?rest_route=%2Fwp%2Fv2%2Fmedia&parent=106"}],"curies":[{"name":"wp","href":"https:\/\/api.w.org\/{rel}","templated":true}]}}